{"id":2,"date":"2020-09-22T15:12:15","date_gmt":"2020-09-22T15:12:15","guid":{"rendered":"https:\/\/webdigital.pt\/isolaca\/?page_id=2"},"modified":"2023-01-18T11:44:12","modified_gmt":"2023-01-18T11:44:12","slug":"politica-privacidade-cookies","status":"publish","type":"page","link":"https:\/\/isolaca.com\/en\/politica-privacidade-cookies\/","title":{"rendered":"Politica de privacidade &#038; Cookiess"},"content":{"rendered":"<p>[vc_row][vc_column][vc_column_text]<\/p>\n<h3><strong>Informa\u00e7\u00e3o Legal<\/strong><\/h3>\n<p><strong>Privacy and data protection policy<\/strong><br \/>\nO endere\u00e7o do nosso site \u00e9: www.isolaca.com (poder\u00e1 tambem ser acedido por www.isolaca.pt).<\/p>\n<p><strong>Que dados pessoais s\u00e3o recolhidos e como s\u00e3o tratados<\/strong><br \/>\n<strong>Conte\u00fado incorporado de outros sites<\/strong><br \/>\nOs artigos neste site podem incluir conte\u00fado incorporado (por exemplo: v\u00eddeos, imagens, artigos, etc.). O conte\u00fado incorporado de outros sites comporta-se tal como se o utilizador visitasse esses sites.<br \/>\nEste site pode recolher dados sobre si, usar cookies, incorporar rastreio feito por terceiros, monitorizar as suas interac\u00e7\u00f5es com o mesmo, incluindo registar as interac\u00e7\u00f5es com conte\u00fado incorporado se tiver uma conta e estiver com sess\u00e3o iniciada nesse site.<\/p>\n<p><strong>Com quem s\u00e3o partilhados os seus dados<\/strong><br \/>\nPodemos partilhar os seus dados com prestadores de servi\u00e7os de suporte inform\u00e1tico, t\u00e9cnico e operacional, e \u00f3rg\u00e3os Judiciais, \u00f3rg\u00e3os de Pol\u00edcia, Autoridades Administrativas, designadamente entidades p\u00fablicas nacionais ou internacionais, com fun\u00e7\u00e3o de supervis\u00e3o e regula\u00e7\u00e3o.<br \/>\nJamais os seus dados ser\u00e3o vendidos e\/ou partilhados com outras entidades que n\u00e3o a n\u00f3s, os propriet\u00e1rios do site e\/ou os fornecedores de servi\u00e7os de hospedagem.<\/p>\n<p><strong>Por quanto tempo s\u00e3o retidos os seus dados<\/strong><br \/>\nSe deixar um coment\u00e1rio,ou proceder ao preenchimento de um formul\u00e1rio de contacto os seus dados s\u00e3o guardados indefinidamente. Isto acontece de modo a ser poss\u00edvel reconhecer e aprovar automaticamente quaisquer coment\u00e1rios\/contactos seguintes, em vez de os colocar numa fila de modera\u00e7\u00e3o.<br \/>\nPara utilizadores que se registem no nosso site (se algum), guardamos a informa\u00e7\u00e3o pessoal fornecida no seu perfil de utilizador. Todos os utilizadores podem pedir consulta, edi\u00e7\u00e3o, ou remo\u00e7\u00e3o da sua informa\u00e7\u00e3o pessoal a qualquer momento. Os administradores do site podem tamb\u00e9m ver e editar essa informa\u00e7\u00e3o.<\/p>\n<p><strong>Que direitos tem sobre os seus dados<\/strong><br \/>\nSe tiver uma conta neste site, ou deixou coment\u00e1rios, pode pedir para receber um ficheiro de exporta\u00e7\u00e3o com os dados pessoais guardados sobre si, incluindo qualquer dado pessoal que indicou. Tamb\u00e9m pode solicitar que os dados guardados sejam eliminados. Isto n\u00e3o inclui qualquer dado pessoal que seja obrigat\u00f3rio manter para fins administrativos, legais ou de seguran\u00e7a.<\/p>\n<p><strong>Informa\u00e7\u00f5es de contacto<\/strong><br \/>\nPara quest\u00f5es relativas \u00e0 Pol\u00edtica de Privacidade deste site, por favor use o seguinte endere\u00e7o eletr\u00f3nico: isolaca@isolaca.com ou pelo telefone +351 229 438 750 (Chamada para a rede fixa nacional). N\u00e3o existir\u00e1 nenhuma empresa externa a ter acesso aos dados disponibilizados.<\/p>\n<p><strong>Informa\u00e7\u00f5es adicionais<\/strong><br \/>\nTodos os dados fornecidos para al\u00e9m do email e endere\u00e7o eletr\u00f3nico, tais como morada, contacto telef\u00f3nico e n\u00famero de identifica\u00e7\u00e3o fiscal (NIF), ser\u00e3o usados somente para criar a fatura necess\u00e1ria, caso se trate de adjudica\u00e7\u00e3o de qualquer servi\u00e7o.<\/p>\n<p><strong>Como s\u00e3o protegidos os seus dados<\/strong><br \/>\nOs dados pessoais disponibilizados ser\u00e3o conservados com medidas de seguran\u00e7a apropriadas, implementadas ou a implementar, para proteg\u00ea-los do acesso n\u00e3o autorizado ou altera\u00e7\u00e3o, destrui\u00e7\u00e3o e\/ou divulga\u00e7\u00e3o de quaisquer dados de forma indevida. Ser\u00e3o mantidos de forma precisa, completa e atualizada, quando assim for necess\u00e1rio, e mantidos somente durante o tempo estipulado para cada finalidade.<\/p>\n<p><strong>De que terceiros recebemos dados<\/strong><br \/>\nNas comunica\u00e7\u00f5es deste site, n\u00e3o existem dados provenientes de outras entidades e\/ou empresas.<\/p>\n<h3><strong>Cookies<\/strong><\/h3>\n<p>Um cookie \u00e9 um pequeno arquivo de computador ou pacote de dados enviados por um s\u00edtio de Internet para o navegador do usu\u00e1rio, quando o usu\u00e1rio visita o site. Cada vez que o usu\u00e1rio visita o site novamente, o navegador envia o cookie de volta para o servidor para notificar atividades pr\u00e9vias do usu\u00e1rio.<\/p>\n<p>Os cookies foram concebidos para serem um mecanismo confi\u00e1vel para que s\u00edtios se lembrem de informa\u00e7\u00f5es da atividade do usu\u00e1rio, como senhas gravadas, itens adicionados no carrinho de compras em uma loja online, hiperliga\u00e7\u00f5es que foram clicadas anteriormente, entre outros.<\/p>\n<p>Assim, melhoram a navega\u00e7\u00e3o, aumentando a efici\u00eancia da busca.<\/p>\n<p>O nosso website utiliza coockies. Caso n\u00e3o concorde dever\u00e1 desativar os mesmos no seu navegador ou abandonar o website.<\/p>\n<p>Para mais informa\u00e7\u00f5es poder\u00e1 consultar o endere\u00e7o https:\/\/www.allaboutcookies.org\/ .[\/vc_column_text][\/vc_column][\/vc_row]<\/p>","protected":false},"excerpt":{"rendered":"<p>[vc_row][vc_column][vc_column_text] Informa\u00e7\u00e3o Legal Politica de Privacidade e prote\u00e7\u00e3o de dados O endere\u00e7o do nosso site \u00e9: www.isolaca.com (poder\u00e1 tambem ser acedido por www.isolaca.pt). Que dados pessoais s\u00e3o recolhidos e como s\u00e3o tratados Conte\u00fado incorporado de outros sites Os artigos neste site podem incluir conte\u00fado incorporado (por exemplo: v\u00eddeos, imagens, artigos,&hellip;<\/p>","protected":false},"author":1,"featured_media":0,"parent":0,"menu_order":0,"comment_status":"closed","ping_status":"closed","template":"","meta":[],"yoast_head":"<!-- This site is optimized with the Yoast SEO plugin v15.6.2 - https:\/\/yoast.com\/wordpress\/plugins\/seo\/ -->\n<title>Politica de privacidade &amp; Cookiess - Isolaca<\/title>\n<meta name=\"robots\" content=\"index, follow, max-snippet:-1, max-image-preview:large, max-video-preview:-1\" \/>\n<link rel=\"canonical\" href=\"https:\/\/isolaca.com\/en\/politica-privacidade-cookies\/\" \/>\n<meta property=\"og:locale\" content=\"en_GB\" \/>\n<meta property=\"og:type\" content=\"article\" \/>\n<meta property=\"og:title\" content=\"Politica de privacidade &amp; Cookiess - Isolaca\" \/>\n<meta property=\"og:description\" content=\"[vc_row][vc_column][vc_column_text] Informa\u00e7\u00e3o Legal Politica de Privacidade e prote\u00e7\u00e3o de dados O endere\u00e7o do nosso site \u00e9: www.isolaca.com (poder\u00e1 tambem ser acedido por www.isolaca.pt). Que dados pessoais s\u00e3o recolhidos e como s\u00e3o tratados Conte\u00fado incorporado de outros sites Os artigos neste site podem incluir conte\u00fado incorporado (por exemplo: v\u00eddeos, imagens, artigos,&hellip;\" \/>\n<meta property=\"og:url\" content=\"https:\/\/isolaca.com\/en\/politica-privacidade-cookies\/\" \/>\n<meta property=\"og:site_name\" content=\"Isolaca\" \/>\n<meta property=\"article:modified_time\" content=\"2023-01-18T11:44:12+00:00\" \/>\n<meta name=\"twitter:card\" content=\"summary_large_image\" \/>\n<meta name=\"twitter:label1\" content=\"Estimated reading time\">\n\t<meta name=\"twitter:data1\" content=\"4 minutes\">\n<script type=\"application\/ld+json\" class=\"yoast-schema-graph\">{\"@context\":\"https:\/\/schema.org\",\"@graph\":[{\"@type\":\"WebSite\",\"@id\":\"https:\/\/isolaca.com\/#website\",\"url\":\"https:\/\/isolaca.com\/\",\"name\":\"Isolaca\",\"description\":\"Tintas e Vernizes\",\"potentialAction\":[{\"@type\":\"SearchAction\",\"target\":\"https:\/\/isolaca.com\/?s={search_term_string}\",\"query-input\":\"required name=search_term_string\"}],\"inLanguage\":\"en-GB\"},{\"@type\":\"WebPage\",\"@id\":\"https:\/\/isolaca.com\/politica-privacidade-cookies\/#webpage\",\"url\":\"https:\/\/isolaca.com\/politica-privacidade-cookies\/\",\"name\":\"Politica de privacidade & Cookiess - Isolaca\",\"isPartOf\":{\"@id\":\"https:\/\/isolaca.com\/#website\"},\"datePublished\":\"2020-09-22T15:12:15+00:00\",\"dateModified\":\"2023-01-18T11:44:12+00:00\",\"inLanguage\":\"en-GB\",\"potentialAction\":[{\"@type\":\"ReadAction\",\"target\":[\"https:\/\/isolaca.com\/politica-privacidade-cookies\/\"]}]}]}<\/script>\n<!-- \/ Yoast SEO plugin. -->","_links":{"self":[{"href":"https:\/\/isolaca.com\/en\/wp-json\/wp\/v2\/pages\/2"}],"collection":[{"href":"https:\/\/isolaca.com\/en\/wp-json\/wp\/v2\/pages"}],"about":[{"href":"https:\/\/isolaca.com\/en\/wp-json\/wp\/v2\/types\/page"}],"author":[{"embeddable":true,"href":"https:\/\/isolaca.com\/en\/wp-json\/wp\/v2\/users\/1"}],"replies":[{"embeddable":true,"href":"https:\/\/isolaca.com\/en\/wp-json\/wp\/v2\/comments?post=2"}],"version-history":[{"count":6,"href":"https:\/\/isolaca.com\/en\/wp-json\/wp\/v2\/pages\/2\/revisions"}],"predecessor-version":[{"id":3957,"href":"https:\/\/isolaca.com\/en\/wp-json\/wp\/v2\/pages\/2\/revisions\/3957"}],"wp:attachment":[{"href":"https:\/\/isolaca.com\/en\/wp-json\/wp\/v2\/media?parent=2"}],"curies":[{"name":"wp","href":"https:\/\/api.w.org\/{rel}","templated":true}]}}