{"id":3893,"date":"2023-01-18T22:09:57","date_gmt":"2023-01-18T22:09:57","guid":{"rendered":"https:\/\/isolaca.com\/?page_id=3893"},"modified":"2023-01-19T14:33:24","modified_gmt":"2023-01-19T14:33:24","slug":"documentos","status":"publish","type":"page","link":"https:\/\/isolaca.com\/en\/documentos\/","title":{"rendered":"Documents"},"content":{"rendered":"<p>[vc_row][vc_column]<div id=\"la_divider69dff7fd40032\" class=\"js-el la-divider la-unit-responsive\" data-la_component=\"UnitResponsive\"  data-el_target='#la_divider69dff7fd40032'  data-el_media_sizes='{&quot;padding-top&quot;:&quot;lg:25px;md:25px;xs:0px;&quot;}' ><\/div>\n[\/vc_column][\/vc_row][vc_row full_width=&#8221;stretch_row_content_no_spaces&#8221; equal_height=&#8221;yes&#8221; content_placement=&#8221;middle&#8221;][vc_column width=&#8221;6\/12&#8243;][vc_single_image image=&#8221;3545&#8243; img_size=&#8221;full&#8221; css_animation=&#8221;rotateInDownLeft&#8221; el_class=&#8221;size-full&#8221;][\/vc_column][vc_column width=&#8221;1\/2&#8243; la_animation_duration=&#8221;1&#8243; la_animation_delay=&#8221;0&#8243; la_animation_iteration_count=&#8221;1&#8243; offset=&#8221;vc_col-sm-offset-0&#8243; css=&#8221;.vc_custom_1610968944168{padding-right: 20px !important;padding-left: 20px !important;}&#8221;]<div id=\"la_heading_69dff7fd401f4\" class=\"la-headings text-left\"><h2 class=\"js-el heading-tag la-unit-responsive letter-spacing--2 padding-bottom-20\" style=\"\"  data-la_component=\"UnitResponsive\"  data-el_target='#la_heading_69dff7fd401f4 .heading-tag'  data-el_media_sizes='{&quot;font-size&quot;:&quot;lg:28px;sm:24px;&quot;,&quot;line-height&quot;:&quot;&quot;}' >Certificates and General Conditions of Sale<\/h2><div class=\"js-el subheading-tag la-unit-responsive\" style=\"color:#5d5d5d\" ><p>Isolaca is an excellent opportunity to have a good relationship in between supplier and client.<\/p>\n<\/div><\/div>\n<div id=\"la_divider69dff7fd402d2\" class=\"js-el la-divider la-unit-responsive\" data-la_component=\"UnitResponsive\"  data-el_target='#la_divider69dff7fd402d2'  data-el_media_sizes='{&quot;padding-top&quot;:&quot;lg:20px;&quot;}' ><\/div>\n<div id=\"la_icon_boxes_69dff7fd404ee\" class=\"la-sc-icon-boxes wpb_content_element icon-type-normal icon-pos-default icon-style-simple ib-link-title margin-bottom-30\">\n    <div class=\"icon-boxes-inner\"><div class=\"box-heading-top\"><div class=\"box-icon-heading\"><div class=\"box-icon-inner type-icon\"><div class=\"wrap-icon\"><div class=\"box-icon box-icon-style-simple\"><span><i class=\"fas fa-file-alt\"><\/i><\/span><\/div><\/div><\/div><\/div><div class=\"box-heading\"><div class=\"h5 js-el la-unit-responsive icon-heading font-weight-400\" style=\"color:#5d5d5d\"  data-la_component=\"UnitResponsive\"  data-el_target='#la_icon_boxes_69dff7fd404ee .icon-heading'  data-el_media_sizes='{&quot;font-size&quot;:&quot;lg:14px;&quot;,&quot;line-height&quot;:&quot;&quot;}' ><a href=\"https:\/\/isolaca.com\/en\/certificados\/\" title=\"Certificates\">PME Certification<\/a><\/div><\/div><\/div><div class=\"box-contents\"><\/div><\/div>\n<\/div>\n<style data-la_component=\"InsertCustomCSS\">#la_icon_boxes_69dff7fd404ee.la-sc-icon-boxes .wrap-icon .box-icon span{line-height:12px;font-size:12px;width:12px;height:12px;color:#e45859}#la_icon_boxes_69dff7fd404ee.icon-type-normal:hover .wrap-icon .box-icon span{color:#e45859}<\/style>\n        <div id=\"la_icon_boxes_69dff7fd406f2\" class=\"la-sc-icon-boxes wpb_content_element icon-type-normal icon-pos-default icon-style-simple ib-link-box margin-bottom-10\">\n    <div class=\"icon-boxes-inner\"><div class=\"box-heading-top\"><div class=\"box-icon-heading\"><div class=\"box-icon-inner type-icon\"><div class=\"wrap-icon\"><div class=\"box-icon box-icon-style-simple\"><span><i class=\"far fa-file-alt\"><\/i><\/span><\/div><\/div><\/div><\/div><div class=\"box-heading\"><div class=\"h5 js-el la-unit-responsive icon-heading font-weight-400\" style=\"color:#5d5d5d\"  data-la_component=\"UnitResponsive\"  data-el_target='#la_icon_boxes_69dff7fd406f2 .icon-heading'  data-el_media_sizes='{&quot;font-size&quot;:&quot;lg:14px;&quot;,&quot;line-height&quot;:&quot;&quot;}' >Condi\u00e7\u00f5es Gerais de Venda - PT<\/div><\/div><\/div><div class=\"box-contents\"><\/div><a href=\"https:\/\/isolaca.com\/en\/documentos\/condicoes-gerais-de-venda\/\" title=\"Condi\u00e7\u00f5es Gerais de Venda\">Condi\u00e7\u00f5es Gerais de Venda<\/a><\/div>\n<\/div>\n<style data-la_component=\"InsertCustomCSS\">#la_icon_boxes_69dff7fd406f2.la-sc-icon-boxes .wrap-icon .box-icon span{line-height:12px;font-size:12px;width:12px;height:12px;color:#e45859}#la_icon_boxes_69dff7fd406f2.icon-type-normal:hover .wrap-icon .box-icon span{color:#e45859}<\/style>\n        <div id=\"la_icon_boxes_69dff7fd408bc\" class=\"la-sc-icon-boxes wpb_content_element icon-type-normal icon-pos-default icon-style-simple ib-link-box margin-bottom-10\">\n    <div class=\"icon-boxes-inner\"><div class=\"box-heading-top\"><div class=\"box-icon-heading\"><div class=\"box-icon-inner type-icon\"><div class=\"wrap-icon\"><div class=\"box-icon box-icon-style-simple\"><span><i class=\"far fa-file-alt\"><\/i><\/span><\/div><\/div><\/div><\/div><div class=\"box-heading\"><div class=\"h5 js-el la-unit-responsive icon-heading font-weight-400\" style=\"color:#5d5d5d\"  data-la_component=\"UnitResponsive\"  data-el_target='#la_icon_boxes_69dff7fd408bc .icon-heading'  data-el_media_sizes='{&quot;font-size&quot;:&quot;lg:14px;&quot;,&quot;line-height&quot;:&quot;&quot;}' >General Conditions of Sale - EN<\/div><\/div><\/div><div class=\"box-contents\"><\/div><a href=\"https:\/\/isolaca.com\/en\/documentos\/general-conditions-of-sale\/\" title=\"General Conditions of Sale\">General Conditions of Sale<\/a><\/div>\n<\/div>\n<style data-la_component=\"InsertCustomCSS\">#la_icon_boxes_69dff7fd408bc.la-sc-icon-boxes .wrap-icon .box-icon span{line-height:12px;font-size:12px;width:12px;height:12px;color:#e45859}#la_icon_boxes_69dff7fd408bc.icon-type-normal:hover .wrap-icon .box-icon span{color:#e45859}<\/style>\n        <div id=\"la_icon_boxes_69dff7fd40a83\" class=\"la-sc-icon-boxes wpb_content_element icon-type-normal icon-pos-default icon-style-simple ib-link-box margin-bottom-10\">\n    <div class=\"icon-boxes-inner\"><div class=\"box-heading-top\"><div class=\"box-icon-heading\"><div class=\"box-icon-inner type-icon\"><div class=\"wrap-icon\"><div class=\"box-icon box-icon-style-simple\"><span><i class=\"far fa-file-alt\"><\/i><\/span><\/div><\/div><\/div><\/div><div class=\"box-heading\"><div class=\"h5 js-el la-unit-responsive icon-heading font-weight-400\" style=\"color:#5d5d5d\"  data-la_component=\"UnitResponsive\"  data-el_target='#la_icon_boxes_69dff7fd40a83 .icon-heading'  data-el_media_sizes='{&quot;font-size&quot;:&quot;lg:14px;&quot;,&quot;line-height&quot;:&quot;&quot;}' >Conditions G\u00e9n\u00e9rales de vente - FR<\/div><\/div><\/div><div class=\"box-contents\"><\/div><a href=\"https:\/\/isolaca.com\/en\/documentos\/conditions-generales-de-vente\/\" title=\"Conditions G\u00e9n\u00e9rales de Vente\">Conditions G\u00e9n\u00e9rales de Vente<\/a><\/div>\n<\/div>\n<style data-la_component=\"InsertCustomCSS\">#la_icon_boxes_69dff7fd40a83.la-sc-icon-boxes .wrap-icon .box-icon span{line-height:12px;font-size:12px;width:12px;height:12px;color:#e45859}#la_icon_boxes_69dff7fd40a83.icon-type-normal:hover .wrap-icon .box-icon span{color:#e45859}<\/style>\n        <div id=\"la_icon_boxes_69dff7fd40c37\" class=\"la-sc-icon-boxes wpb_content_element icon-type-normal icon-pos-default icon-style-simple ib-link-box margin-bottom-10\">\n    <div class=\"icon-boxes-inner\"><div class=\"box-heading-top\"><div class=\"box-icon-heading\"><div class=\"box-icon-inner type-icon\"><div class=\"wrap-icon\"><div class=\"box-icon box-icon-style-simple\"><span><i class=\"far fa-file-alt\"><\/i><\/span><\/div><\/div><\/div><\/div><div class=\"box-heading\"><div class=\"h5 js-el la-unit-responsive icon-heading font-weight-400\" style=\"color:#5d5d5d\"  data-la_component=\"UnitResponsive\"  data-el_target='#la_icon_boxes_69dff7fd40c37 .icon-heading'  data-el_media_sizes='{&quot;font-size&quot;:&quot;lg:14px;&quot;,&quot;line-height&quot;:&quot;&quot;}' >Og\u00f3lne Warunki Sprzeda\u017cy - PL<\/div><\/div><\/div><div class=\"box-contents\"><\/div><a href=\"https:\/\/isolaca.com\/en\/documentos\/ogolne-warunki-sprzedazy\/\" title=\"Og\u00f3lne Warunki Sprzeda\u017cy\">Og\u00f3lne Warunki Sprzeda\u017cy<\/a><\/div>\n<\/div>\n<style data-la_component=\"InsertCustomCSS\">#la_icon_boxes_69dff7fd40c37.la-sc-icon-boxes .wrap-icon .box-icon span{line-height:12px;font-size:12px;width:12px;height:12px;color:#e45859}#la_icon_boxes_69dff7fd40c37.icon-type-normal:hover .wrap-icon .box-icon span{color:#e45859}<\/style>\n        <div id=\"la_icon_boxes_69dff7fd40e01\" class=\"la-sc-icon-boxes wpb_content_element icon-type-normal icon-pos-default icon-style-simple ib-link-box margin-bottom-10\">\n    <div class=\"icon-boxes-inner\"><div class=\"box-heading-top\"><div class=\"box-icon-heading\"><div class=\"box-icon-inner type-icon\"><div class=\"wrap-icon\"><div class=\"box-icon box-icon-style-simple\"><span><i class=\"far fa-file-alt\"><\/i><\/span><\/div><\/div><\/div><\/div><div class=\"box-heading\"><div class=\"h5 js-el la-unit-responsive icon-heading font-weight-400\" style=\"color:#5d5d5d\"  data-la_component=\"UnitResponsive\"  data-el_target='#la_icon_boxes_69dff7fd40e01 .icon-heading'  data-el_media_sizes='{&quot;font-size&quot;:&quot;lg:14px;&quot;,&quot;line-height&quot;:&quot;&quot;}' >V\u0161eobecn\u00e9 Podm\u00ednky Prodeje - CZ<\/div><\/div><\/div><div class=\"box-contents\"><\/div><a href=\"https:\/\/isolaca.com\/en\/documentos\/vseobecne-podminky-prodeje\/\" title=\"V\u0161eobecn\u00e9 Podm\u00ednky Prodeje\">V\u0161eobecn\u00e9 Podm\u00ednky Prodeje<\/a><\/div>\n<\/div>\n<style data-la_component=\"InsertCustomCSS\">#la_icon_boxes_69dff7fd40e01.la-sc-icon-boxes .wrap-icon .box-icon span{line-height:12px;font-size:12px;width:12px;height:12px;color:#e45859}#la_icon_boxes_69dff7fd40e01.icon-type-normal:hover .wrap-icon .box-icon span{color:#e45859}<\/style>\n        <div id=\"la_divider69dff7fd40e9c\" class=\"js-el la-divider la-unit-responsive\" data-la_component=\"UnitResponsive\"  data-el_target='#la_divider69dff7fd40e9c'  data-el_media_sizes='{&quot;padding-top&quot;:&quot;lg:10px;&quot;}' ><\/div>\n[\/vc_column][\/vc_row]<\/p>","protected":false},"excerpt":{"rendered":"<p>[vc_row][vc_column][\/vc_column][\/vc_row][vc_row full_width=&#8221;stretch_row_content_no_spaces&#8221; equal_height=&#8221;yes&#8221; content_placement=&#8221;middle&#8221;][vc_column width=&#8221;6\/12&#8243;][vc_single_image image=&#8221;3545&#8243; img_size=&#8221;full&#8221; css_animation=&#8221;rotateInDownLeft&#8221; el_class=&#8221;size-full&#8221;][\/vc_column][vc_column width=&#8221;1\/2&#8243; la_animation_duration=&#8221;1&#8243; la_animation_delay=&#8221;0&#8243; la_animation_iteration_count=&#8221;1&#8243; offset=&#8221;vc_col-sm-offset-0&#8243; css=&#8221;.vc_custom_1610968944168{padding-right: 20px !important;padding-left: 20px !important;}&#8221;][\/vc_column][\/vc_row]<\/p>","protected":false},"author":1,"featured_media":0,"parent":0,"menu_order":0,"comment_status":"closed","ping_status":"closed","template":"","meta":[],"yoast_head":"<!-- This site is optimized with the Yoast SEO plugin v15.6.2 - https:\/\/yoast.com\/wordpress\/plugins\/seo\/ -->\n<title>Documentos - Isolaca<\/title>\n<meta name=\"description\" content=\"Somos uma empresa familiar onde , h\u00e1 mais de 3 d\u00e9cadas, trabalhamos diariamente com paix\u00e3o e orgulho no que fazemos .\" \/>\n<meta name=\"robots\" content=\"index, follow, max-snippet:-1, max-image-preview:large, max-video-preview:-1\" \/>\n<link rel=\"canonical\" href=\"https:\/\/isolaca.com\/en\/documentos\/\" \/>\n<meta property=\"og:locale\" content=\"en_GB\" \/>\n<meta property=\"og:type\" content=\"article\" \/>\n<meta property=\"og:title\" content=\"Documentos - Isolaca\" \/>\n<meta property=\"og:description\" content=\"Somos uma empresa familiar onde , h\u00e1 mais de 3 d\u00e9cadas, trabalhamos diariamente com paix\u00e3o e orgulho no que fazemos .\" \/>\n<meta property=\"og:url\" content=\"https:\/\/isolaca.com\/en\/documentos\/\" \/>\n<meta property=\"og:site_name\" content=\"Isolaca\" \/>\n<meta property=\"article:modified_time\" content=\"2023-01-19T14:33:24+00:00\" \/>\n<meta name=\"twitter:card\" content=\"summary_large_image\" \/>\n<meta name=\"twitter:label1\" content=\"Estimated reading time\">\n\t<meta name=\"twitter:data1\" content=\"2 minutes\">\n<script type=\"application\/ld+json\" class=\"yoast-schema-graph\">{\"@context\":\"https:\/\/schema.org\",\"@graph\":[{\"@type\":\"WebSite\",\"@id\":\"https:\/\/isolaca.com\/#website\",\"url\":\"https:\/\/isolaca.com\/\",\"name\":\"Isolaca\",\"description\":\"Tintas e Vernizes\",\"potentialAction\":[{\"@type\":\"SearchAction\",\"target\":\"https:\/\/isolaca.com\/?s={search_term_string}\",\"query-input\":\"required name=search_term_string\"}],\"inLanguage\":\"en-GB\"},{\"@type\":\"WebPage\",\"@id\":\"https:\/\/isolaca.com\/documentos\/#webpage\",\"url\":\"https:\/\/isolaca.com\/documentos\/\",\"name\":\"Documentos - Isolaca\",\"isPartOf\":{\"@id\":\"https:\/\/isolaca.com\/#website\"},\"datePublished\":\"2023-01-18T22:09:57+00:00\",\"dateModified\":\"2023-01-19T14:33:24+00:00\",\"description\":\"Somos uma empresa familiar onde , h\\u00e1 mais de 3 d\\u00e9cadas, trabalhamos diariamente com paix\\u00e3o e orgulho no que fazemos .\",\"inLanguage\":\"en-GB\",\"potentialAction\":[{\"@type\":\"ReadAction\",\"target\":[\"https:\/\/isolaca.com\/documentos\/\"]}]}]}<\/script>\n<!-- \/ Yoast SEO plugin. -->","_links":{"self":[{"href":"https:\/\/isolaca.com\/en\/wp-json\/wp\/v2\/pages\/3893"}],"collection":[{"href":"https:\/\/isolaca.com\/en\/wp-json\/wp\/v2\/pages"}],"about":[{"href":"https:\/\/isolaca.com\/en\/wp-json\/wp\/v2\/types\/page"}],"author":[{"embeddable":true,"href":"https:\/\/isolaca.com\/en\/wp-json\/wp\/v2\/users\/1"}],"replies":[{"embeddable":true,"href":"https:\/\/isolaca.com\/en\/wp-json\/wp\/v2\/comments?post=3893"}],"version-history":[{"count":15,"href":"https:\/\/isolaca.com\/en\/wp-json\/wp\/v2\/pages\/3893\/revisions"}],"predecessor-version":[{"id":3936,"href":"https:\/\/isolaca.com\/en\/wp-json\/wp\/v2\/pages\/3893\/revisions\/3936"}],"wp:attachment":[{"href":"https:\/\/isolaca.com\/en\/wp-json\/wp\/v2\/media?parent=3893"}],"curies":[{"name":"wp","href":"https:\/\/api.w.org\/{rel}","templated":true}]}}