{"id":506,"date":"2018-09-14T15:58:01","date_gmt":"2018-09-14T15:58:01","guid":{"rendered":"https:\/\/airi.la-studioweb.com\/?page_id=506"},"modified":"2021-10-04T14:12:25","modified_gmt":"2021-10-04T14:12:25","slug":"quem-somos","status":"publish","type":"page","link":"https:\/\/isolaca.com\/en\/quem-somos\/","title":{"rendered":"About Us"},"content":{"rendered":"<p>[vc_row full_width=&#8221;stretch_row_content_no_spaces&#8221; content_placement=&#8221;middle&#8221; el_class=&#8221;home_right_full&#8221;][vc_column width=&#8221;5\/12&#8243; la_animation_duration=&#8221;1&#8243; la_animation_delay=&#8221;0&#8243; la_animation_iteration_count=&#8221;1&#8243; offset=&#8221;vc_col-lg-offset-0 vc_col-md-offset-0 vc_col-sm-offset-0&#8243; css=&#8221;.vc_custom_1610968833866{padding-right: 20px !important;padding-left: 20px !important;}&#8221;]<div id=\"la_heading_69e084f41ed5d\" class=\"la-headings text-left\"><div class=\"js-el subheading-tag la-unit-responsive\" style=\"color:#5d5d5d\" ><p style=\"text-align: justify;\"><strong>History<\/strong><br \/>\nWe are a family business where, for more than 3 decades, we work daily with passion and pride in what we do with the commitment to create value to the company in order to make it sustainable. Only in this way you will be able to promote innovation and quality, values that we know are crucial for our customers. Over 30 years developing the best products in the wood segment, whether for furniture, carpentry or even floors.<\/p>\n<p><strong>Mission<\/strong><br \/>\nTo supply the best products to the local and international wooden furniture industry.<\/p>\n<p><strong>Vision<\/strong><br \/>\nBe one of the top sellers in Portugal and have a strong postion in the International market<\/p>\n<\/div><\/div>\n<div id=\"la_divider69e084f41eeb9\" class=\"js-el la-divider la-unit-responsive\" data-la_component=\"UnitResponsive\"  data-el_target='#la_divider69e084f41eeb9'  data-el_media_sizes='{&quot;padding-top&quot;:&quot;lg:30px;&quot;}' ><\/div>\n[\/vc_column][vc_column width=&#8221;7\/12&#8243; la_animation_name=&#8221;zoomIn&#8221; la_animation_duration=&#8221;1&#8243; la_animation_delay=&#8221;0&#8243; la_animation_iteration_count=&#8221;1&#8243;]<div id=\"la_banner_box_69e084f41f21a\" class=\"wpb_content_element la-banner-box banner-type-1 la_banner_box_69e084f41f21a size-full custom-heading-aboutus\">\n    <div class=\"box-inner\">\n                <div class=\"banner--image\">\n            <div class=\"loop__item__thumbnail--bkg gitem-zone-height-mode-original\"\n                 data-background-image=\"\/\/isolaca.com\/wp-content\/uploads\/2020\/09\/isolaca-quem.somos_-1.jpg\"\n                 style=\"padding-top:68.83%;background-image: url(\/\/isolaca.com\/wp-content\/uploads\/2020\/09\/isolaca-quem.somos_-1.jpg);\">\n            <\/div>\n        <\/div>\n        <div class=\"banner--info\">\n                    <\/div>\n        <div class=\"banner--link-overlay item--overlay\"><\/div>    <\/div>\n    <\/div>[\/vc_column][\/vc_row][vc_row][vc_column]<div id=\"la_divider69e084f41f640\" class=\"js-el la-divider la-unit-responsive\" data-la_component=\"UnitResponsive\"  data-el_target='#la_divider69e084f41f640'  data-el_media_sizes='{&quot;padding-top&quot;:&quot;lg:50px;md:25px;xs:0px;&quot;}' ><\/div>\n[\/vc_column][\/vc_row][vc_row][vc_column]<div id=\"la_divider69e084f41f6a3\" class=\"js-el la-divider la-unit-responsive\" data-la_component=\"UnitResponsive\"  data-el_target='#la_divider69e084f41f6a3'  data-el_media_sizes='{&quot;padding-top&quot;:&quot;lg:25px;md:25px;xs:0px;&quot;}' ><\/div>\n[\/vc_column][\/vc_row][vc_row full_width=&#8221;stretch_row_content_no_spaces&#8221; equal_height=&#8221;yes&#8221; content_placement=&#8221;middle&#8221;][vc_column width=&#8221;6\/12&#8243;][vc_single_image image=&#8221;3545&#8243; img_size=&#8221;full&#8221; css_animation=&#8221;rotateInDownLeft&#8221; el_class=&#8221;size-full&#8221;][\/vc_column][vc_column width=&#8221;1\/2&#8243; la_animation_duration=&#8221;1&#8243; la_animation_delay=&#8221;0&#8243; la_animation_iteration_count=&#8221;1&#8243; offset=&#8221;vc_col-sm-offset-0&#8243; css=&#8221;.vc_custom_1610968944168{padding-right: 20px !important;padding-left: 20px !important;}&#8221;]<div id=\"la_heading_69e084f41f783\" class=\"la-headings text-left\"><h2 class=\"js-el heading-tag la-unit-responsive letter-spacing--2 padding-bottom-20\" style=\"\"  data-la_component=\"UnitResponsive\"  data-el_target='#la_heading_69e084f41f783 .heading-tag'  data-el_media_sizes='{&quot;font-size&quot;:&quot;lg:38px;sm:24px;&quot;,&quot;line-height&quot;:&quot;&quot;}' >Values<\/h2><div class=\"js-el subheading-tag la-unit-responsive\" style=\"color:#5d5d5d\" ><p>Isolaca is an excellent opportunity to have a good relationship in between supplier and client.<\/p>\n<p>We have at your disposal a professional team that will provide solutions to your needs.<\/p>\n<\/div><\/div>\n<div id=\"la_divider69e084f41f818\" class=\"js-el la-divider la-unit-responsive\" data-la_component=\"UnitResponsive\"  data-el_target='#la_divider69e084f41f818'  data-el_media_sizes='{&quot;padding-top&quot;:&quot;lg:20px;&quot;}' ><\/div>\n<div id=\"la_icon_boxes_69e084f41f9db\" class=\"la-sc-icon-boxes wpb_content_element icon-type-normal icon-pos-default icon-style-simple ib-link-none margin-bottom-30\">\n    <div class=\"icon-boxes-inner\"><div class=\"box-heading-top\"><div class=\"box-icon-heading\"><div class=\"box-icon-inner type-icon\"><div class=\"wrap-icon\"><div class=\"box-icon box-icon-style-simple\"><span><i class=\"fas fa-check-circle\"><\/i><\/span><\/div><\/div><\/div><\/div><div class=\"box-heading\"><div class=\"h5 js-el la-unit-responsive icon-heading font-weight-400\" style=\"color:#5d5d5d\"  data-la_component=\"UnitResponsive\"  data-el_target='#la_icon_boxes_69e084f41f9db .icon-heading'  data-el_media_sizes='{&quot;font-size&quot;:&quot;lg:14px;&quot;,&quot;line-height&quot;:&quot;&quot;}' >Honesty and Ethics<\/div><\/div><\/div><div class=\"box-contents\"><\/div><\/div>\n<\/div>\n<style data-la_component=\"InsertCustomCSS\">#la_icon_boxes_69e084f41f9db.la-sc-icon-boxes .wrap-icon .box-icon span{line-height:12px;font-size:12px;width:12px;height:12px;color:#e45859}#la_icon_boxes_69e084f41f9db.icon-type-normal:hover .wrap-icon .box-icon span{color:#e45859}<\/style>\n        <div id=\"la_icon_boxes_69e084f41fbc2\" class=\"la-sc-icon-boxes wpb_content_element icon-type-normal icon-pos-default icon-style-simple ib-link-none margin-bottom-30\">\n    <div class=\"icon-boxes-inner\"><div class=\"box-heading-top\"><div class=\"box-icon-heading\"><div class=\"box-icon-inner type-icon\"><div class=\"wrap-icon\"><div class=\"box-icon box-icon-style-simple\"><span><i class=\"fas fa-check-circle\"><\/i><\/span><\/div><\/div><\/div><\/div><div class=\"box-heading\"><div class=\"h5 js-el la-unit-responsive icon-heading font-weight-400\" style=\"color:#5d5d5d\"  data-la_component=\"UnitResponsive\"  data-el_target='#la_icon_boxes_69e084f41fbc2 .icon-heading'  data-el_media_sizes='{&quot;font-size&quot;:&quot;lg:14px;&quot;,&quot;line-height&quot;:&quot;&quot;}' >Criativity and Innovation<\/div><\/div><\/div><div class=\"box-contents\"><\/div><\/div>\n<\/div>\n<style data-la_component=\"InsertCustomCSS\">#la_icon_boxes_69e084f41fbc2.la-sc-icon-boxes .wrap-icon .box-icon span{line-height:12px;font-size:12px;width:12px;height:12px;color:#e45859}#la_icon_boxes_69e084f41fbc2.icon-type-normal:hover .wrap-icon .box-icon span{color:#e45859}<\/style>\n        <div id=\"la_icon_boxes_69e084f41fd68\" class=\"la-sc-icon-boxes wpb_content_element icon-type-normal icon-pos-default icon-style-simple ib-link-none\">\n    <div class=\"icon-boxes-inner\"><div class=\"box-heading-top\"><div class=\"box-icon-heading\"><div class=\"box-icon-inner type-icon\"><div class=\"wrap-icon\"><div class=\"box-icon box-icon-style-simple\"><span><i class=\"fas fa-check-circle\"><\/i><\/span><\/div><\/div><\/div><\/div><div class=\"box-heading\"><div class=\"h5 js-el la-unit-responsive icon-heading font-weight-400\" style=\"color:#5d5d5d\"  data-la_component=\"UnitResponsive\"  data-el_target='#la_icon_boxes_69e084f41fd68 .icon-heading'  data-el_media_sizes='{&quot;font-size&quot;:&quot;lg:14px;&quot;,&quot;line-height&quot;:&quot;&quot;}' >Responsibility<\/div><\/div><\/div><div class=\"box-contents\"><\/div><\/div>\n<\/div>\n<style data-la_component=\"InsertCustomCSS\">#la_icon_boxes_69e084f41fd68.la-sc-icon-boxes .wrap-icon .box-icon span{line-height:12px;font-size:12px;width:12px;height:12px;color:#e45859}#la_icon_boxes_69e084f41fd68.icon-type-normal:hover .wrap-icon .box-icon span{color:#e45859}<\/style>\n        <div id=\"la_divider69e084f41fe16\" class=\"js-el la-divider la-unit-responsive\" data-la_component=\"UnitResponsive\"  data-el_target='#la_divider69e084f41fe16'  data-el_media_sizes='{&quot;padding-top&quot;:&quot;lg:10px;&quot;}' ><\/div>\n<div class=\"btn-wrapper btn-align-left\">\n    <a class=\"btn btn-color-black btn-align-left btn-size-md btn-style-flat btn-shape-rounded btn-brw-1\" href=\"https:\/\/isolaca.com\/en\/contactos\/\" title=\"Contacts\"><span>Let's talk<\/span><\/a><\/div>[\/vc_column][\/vc_row]<\/p>","protected":false},"excerpt":{"rendered":"<p>[vc_row full_width=&#8221;stretch_row_content_no_spaces&#8221; content_placement=&#8221;middle&#8221; el_class=&#8221;home_right_full&#8221;][vc_column width=&#8221;5\/12&#8243; la_animation_duration=&#8221;1&#8243; la_animation_delay=&#8221;0&#8243; la_animation_iteration_count=&#8221;1&#8243; offset=&#8221;vc_col-lg-offset-0 vc_col-md-offset-0 vc_col-sm-offset-0&#8243; css=&#8221;.vc_custom_1610968833866{padding-right: 20px !important;padding-left: 20px !important;}&#8221;][\/vc_column][vc_column width=&#8221;7\/12&#8243; la_animation_name=&#8221;zoomIn&#8221; la_animation_duration=&#8221;1&#8243; la_animation_delay=&#8221;0&#8243; la_animation_iteration_count=&#8221;1&#8243;][\/vc_column][\/vc_row][vc_row][vc_column][\/vc_column][\/vc_row][vc_row][vc_column][\/vc_column][\/vc_row][vc_row full_width=&#8221;stretch_row_content_no_spaces&#8221; equal_height=&#8221;yes&#8221; content_placement=&#8221;middle&#8221;][vc_column width=&#8221;6\/12&#8243;][vc_single_image image=&#8221;3545&#8243; img_size=&#8221;full&#8221; css_animation=&#8221;rotateInDownLeft&#8221; el_class=&#8221;size-full&#8221;][\/vc_column][vc_column width=&#8221;1\/2&#8243; la_animation_duration=&#8221;1&#8243; la_animation_delay=&#8221;0&#8243; la_animation_iteration_count=&#8221;1&#8243; offset=&#8221;vc_col-sm-offset-0&#8243; css=&#8221;.vc_custom_1610968944168{padding-right: 20px !important;padding-left: 20px !important;}&#8221;][\/vc_column][\/vc_row]<\/p>","protected":false},"author":1,"featured_media":0,"parent":0,"menu_order":0,"comment_status":"closed","ping_status":"closed","template":"","meta":[],"yoast_head":"<!-- This site is optimized with the Yoast SEO plugin v15.6.2 - https:\/\/yoast.com\/wordpress\/plugins\/seo\/ -->\n<title>Quem somos - Isolaca<\/title>\n<meta name=\"description\" content=\"Somos uma empresa familiar onde , h\u00e1 mais de 3 d\u00e9cadas, trabalhamos diariamente com paix\u00e3o e orgulho no que fazemos .\" \/>\n<meta name=\"robots\" content=\"index, follow, max-snippet:-1, max-image-preview:large, max-video-preview:-1\" \/>\n<link rel=\"canonical\" href=\"https:\/\/isolaca.com\/en\/quem-somos\/\" \/>\n<meta property=\"og:locale\" content=\"en_GB\" \/>\n<meta property=\"og:type\" content=\"article\" \/>\n<meta property=\"og:title\" content=\"Quem somos - Isolaca\" \/>\n<meta property=\"og:description\" content=\"Somos uma empresa familiar onde , h\u00e1 mais de 3 d\u00e9cadas, trabalhamos diariamente com paix\u00e3o e orgulho no que fazemos .\" \/>\n<meta property=\"og:url\" content=\"https:\/\/isolaca.com\/en\/quem-somos\/\" \/>\n<meta property=\"og:site_name\" content=\"Isolaca\" \/>\n<meta property=\"article:modified_time\" content=\"2021-10-04T14:12:25+00:00\" \/>\n<meta name=\"twitter:card\" content=\"summary_large_image\" \/>\n<meta name=\"twitter:label1\" content=\"Estimated reading time\">\n\t<meta name=\"twitter:data1\" content=\"2 minutes\">\n<script type=\"application\/ld+json\" class=\"yoast-schema-graph\">{\"@context\":\"https:\/\/schema.org\",\"@graph\":[{\"@type\":\"WebSite\",\"@id\":\"https:\/\/isolaca.com\/#website\",\"url\":\"https:\/\/isolaca.com\/\",\"name\":\"Isolaca\",\"description\":\"Tintas e Vernizes\",\"potentialAction\":[{\"@type\":\"SearchAction\",\"target\":\"https:\/\/isolaca.com\/?s={search_term_string}\",\"query-input\":\"required name=search_term_string\"}],\"inLanguage\":\"en-GB\"},{\"@type\":\"WebPage\",\"@id\":\"https:\/\/isolaca.com\/quem-somos\/#webpage\",\"url\":\"https:\/\/isolaca.com\/quem-somos\/\",\"name\":\"Quem somos - Isolaca\",\"isPartOf\":{\"@id\":\"https:\/\/isolaca.com\/#website\"},\"datePublished\":\"2018-09-14T15:58:01+00:00\",\"dateModified\":\"2021-10-04T14:12:25+00:00\",\"description\":\"Somos uma empresa familiar onde , h\\u00e1 mais de 3 d\\u00e9cadas, trabalhamos diariamente com paix\\u00e3o e orgulho no que fazemos .\",\"inLanguage\":\"en-GB\",\"potentialAction\":[{\"@type\":\"ReadAction\",\"target\":[\"https:\/\/isolaca.com\/quem-somos\/\"]}]}]}<\/script>\n<!-- \/ Yoast SEO plugin. -->","_links":{"self":[{"href":"https:\/\/isolaca.com\/en\/wp-json\/wp\/v2\/pages\/506"}],"collection":[{"href":"https:\/\/isolaca.com\/en\/wp-json\/wp\/v2\/pages"}],"about":[{"href":"https:\/\/isolaca.com\/en\/wp-json\/wp\/v2\/types\/page"}],"author":[{"embeddable":true,"href":"https:\/\/isolaca.com\/en\/wp-json\/wp\/v2\/users\/1"}],"replies":[{"embeddable":true,"href":"https:\/\/isolaca.com\/en\/wp-json\/wp\/v2\/comments?post=506"}],"version-history":[{"count":63,"href":"https:\/\/isolaca.com\/en\/wp-json\/wp\/v2\/pages\/506\/revisions"}],"predecessor-version":[{"id":3885,"href":"https:\/\/isolaca.com\/en\/wp-json\/wp\/v2\/pages\/506\/revisions\/3885"}],"wp:attachment":[{"href":"https:\/\/isolaca.com\/en\/wp-json\/wp\/v2\/media?parent=506"}],"curies":[{"name":"wp","href":"https:\/\/api.w.org\/{rel}","templated":true}]}}