{"id":3765,"date":"2020-11-09T16:45:34","date_gmt":"2020-11-09T16:45:34","guid":{"rendered":"https:\/\/webdigital.pt\/isolaca\/?post_type=product&#038;p=3765"},"modified":"2020-11-25T11:22:24","modified_gmt":"2020-11-25T11:22:24","slug":"subcapa-acrilica-branca","status":"publish","type":"product","link":"https:\/\/isolaca.com\/en\/product\/subcapa-acrilica-branca\/","title":{"rendered":"WHITE ACRYLIC PRIMER"},"content":{"rendered":"","protected":false},"excerpt":{"rendered":"<p>White acrylic primer hase a high hardness, good transparency and is a no yellowing product.<\/p>","protected":false},"featured_media":3818,"template":"","meta":[],"yoast_head":"<!-- This site is optimized with the Yoast SEO plugin v15.6.2 - https:\/\/yoast.com\/wordpress\/plugins\/seo\/ -->\n<title>SUBCAPA ACR\u00cdLICA BRANCA - Isolaca<\/title>\n<meta name=\"robots\" content=\"index, follow, max-snippet:-1, max-image-preview:large, max-video-preview:-1\" \/>\n<link rel=\"canonical\" href=\"https:\/\/isolaca.com\/en\/product\/subcapa-acrilica-branca\/\" \/>\n<meta property=\"og:locale\" content=\"en_GB\" \/>\n<meta property=\"og:type\" content=\"article\" \/>\n<meta property=\"og:title\" content=\"SUBCAPA ACR\u00cdLICA BRANCA - Isolaca\" \/>\n<meta property=\"og:description\" content=\"Subcapa acr\u00edlica indicada para lacagens de mobili\u00e1rio, tendo uma boa resist\u00eancia e isenta de amarelecimento.\" \/>\n<meta property=\"og:url\" content=\"https:\/\/isolaca.com\/en\/product\/subcapa-acrilica-branca\/\" \/>\n<meta property=\"og:site_name\" content=\"Isolaca\" \/>\n<meta property=\"article:modified_time\" content=\"2020-11-25T11:22:24+00:00\" \/>\n<meta property=\"og:image\" content=\"https:\/\/isolaca.com\/wp-content\/uploads\/2020\/09\/lata_1_correta.png\" \/>\n\t<meta property=\"og:image:width\" content=\"612\" \/>\n\t<meta property=\"og:image:height\" content=\"408\" \/>\n<meta name=\"twitter:card\" content=\"summary_large_image\" \/>\n<script type=\"application\/ld+json\" class=\"yoast-schema-graph\">{\"@context\":\"https:\/\/schema.org\",\"@graph\":[{\"@type\":\"WebSite\",\"@id\":\"https:\/\/isolaca.com\/#website\",\"url\":\"https:\/\/isolaca.com\/\",\"name\":\"Isolaca\",\"description\":\"Tintas e Vernizes\",\"potentialAction\":[{\"@type\":\"SearchAction\",\"target\":\"https:\/\/isolaca.com\/?s={search_term_string}\",\"query-input\":\"required name=search_term_string\"}],\"inLanguage\":\"en-GB\"},{\"@type\":\"ImageObject\",\"@id\":\"https:\/\/isolaca.com\/produto\/subcapa-acrilica-branca\/#primaryimage\",\"inLanguage\":\"en-GB\",\"url\":\"https:\/\/isolaca.com\/wp-content\/uploads\/2020\/09\/lata_1_correta.png\",\"width\":612,\"height\":408},{\"@type\":\"WebPage\",\"@id\":\"https:\/\/isolaca.com\/produto\/subcapa-acrilica-branca\/#webpage\",\"url\":\"https:\/\/isolaca.com\/produto\/subcapa-acrilica-branca\/\",\"name\":\"SUBCAPA ACR\\u00cdLICA BRANCA - Isolaca\",\"isPartOf\":{\"@id\":\"https:\/\/isolaca.com\/#website\"},\"primaryImageOfPage\":{\"@id\":\"https:\/\/isolaca.com\/produto\/subcapa-acrilica-branca\/#primaryimage\"},\"datePublished\":\"2020-11-09T16:45:34+00:00\",\"dateModified\":\"2020-11-25T11:22:24+00:00\",\"inLanguage\":\"en-GB\",\"potentialAction\":[{\"@type\":\"ReadAction\",\"target\":[\"https:\/\/isolaca.com\/produto\/subcapa-acrilica-branca\/\"]}]}]}<\/script>\n<!-- \/ Yoast SEO plugin. -->","_links":{"self":[{"href":"https:\/\/isolaca.com\/en\/wp-json\/wp\/v2\/product\/3765"}],"collection":[{"href":"https:\/\/isolaca.com\/en\/wp-json\/wp\/v2\/product"}],"about":[{"href":"https:\/\/isolaca.com\/en\/wp-json\/wp\/v2\/types\/product"}],"wp:featuredmedia":[{"embeddable":true,"href":"https:\/\/isolaca.com\/en\/wp-json\/wp\/v2\/media\/3818"}],"wp:attachment":[{"href":"https:\/\/isolaca.com\/en\/wp-json\/wp\/v2\/media?parent=3765"}],"curies":[{"name":"wp","href":"https:\/\/api.w.org\/{rel}","templated":true}]}}