{"id":3783,"date":"2020-11-10T09:25:17","date_gmt":"2020-11-10T09:25:17","guid":{"rendered":"https:\/\/webdigital.pt\/isolaca\/?post_type=product&#038;p=3783"},"modified":"2020-11-10T09:34:39","modified_gmt":"2020-11-10T09:34:39","slug":"subcapa-aquosa-branca","status":"publish","type":"product","link":"https:\/\/isolaca.com\/en\/product\/subcapa-aquosa-branca\/","title":{"rendered":"WATER BASED WHITE BASE COAT"},"content":{"rendered":"","protected":false},"excerpt":{"rendered":"<p>Water borne base coat for use in wood furniture, having a filling and excellent sanding. &nbsp;<\/p>","protected":false},"featured_media":3784,"template":"","meta":[],"yoast_head":"<!-- This site is optimized with the Yoast SEO plugin v15.6.2 - https:\/\/yoast.com\/wordpress\/plugins\/seo\/ -->\n<title>SUBCAPA AQUOSA BRANCA - Isolaca<\/title>\n<meta name=\"robots\" content=\"index, follow, max-snippet:-1, max-image-preview:large, max-video-preview:-1\" \/>\n<link rel=\"canonical\" href=\"https:\/\/isolaca.com\/en\/product\/subcapa-aquosa-branca\/\" \/>\n<meta property=\"og:locale\" content=\"en_GB\" \/>\n<meta property=\"og:type\" content=\"article\" \/>\n<meta property=\"og:title\" content=\"SUBCAPA AQUOSA BRANCA - Isolaca\" \/>\n<meta property=\"og:description\" content=\"Fundo acr\u00edlico aquoso para aplica\u00e7\u00e3o em mobili\u00e1rio de madeira, possuindo um enchimento e lixabilidade excelentes. &nbsp;\" \/>\n<meta property=\"og:url\" content=\"https:\/\/isolaca.com\/en\/product\/subcapa-aquosa-branca\/\" \/>\n<meta property=\"og:site_name\" content=\"Isolaca\" \/>\n<meta property=\"article:modified_time\" content=\"2020-11-10T09:34:39+00:00\" \/>\n<meta property=\"og:image\" content=\"https:\/\/isolaca.com\/wp-content\/uploads\/2020\/11\/Lata_5.png\" \/>\n\t<meta property=\"og:image:width\" content=\"612\" \/>\n\t<meta property=\"og:image:height\" content=\"408\" \/>\n<meta name=\"twitter:card\" content=\"summary_large_image\" \/>\n<script type=\"application\/ld+json\" class=\"yoast-schema-graph\">{\"@context\":\"https:\/\/schema.org\",\"@graph\":[{\"@type\":\"WebSite\",\"@id\":\"https:\/\/isolaca.com\/#website\",\"url\":\"https:\/\/isolaca.com\/\",\"name\":\"Isolaca\",\"description\":\"Tintas e Vernizes\",\"potentialAction\":[{\"@type\":\"SearchAction\",\"target\":\"https:\/\/isolaca.com\/?s={search_term_string}\",\"query-input\":\"required name=search_term_string\"}],\"inLanguage\":\"en-GB\"},{\"@type\":\"ImageObject\",\"@id\":\"https:\/\/isolaca.com\/produto\/subcapa-aquosa-branca\/#primaryimage\",\"inLanguage\":\"en-GB\",\"url\":\"https:\/\/isolaca.com\/wp-content\/uploads\/2020\/11\/Lata_5.png\",\"width\":612,\"height\":408},{\"@type\":\"WebPage\",\"@id\":\"https:\/\/isolaca.com\/produto\/subcapa-aquosa-branca\/#webpage\",\"url\":\"https:\/\/isolaca.com\/produto\/subcapa-aquosa-branca\/\",\"name\":\"SUBCAPA AQUOSA BRANCA - Isolaca\",\"isPartOf\":{\"@id\":\"https:\/\/isolaca.com\/#website\"},\"primaryImageOfPage\":{\"@id\":\"https:\/\/isolaca.com\/produto\/subcapa-aquosa-branca\/#primaryimage\"},\"datePublished\":\"2020-11-10T09:25:17+00:00\",\"dateModified\":\"2020-11-10T09:34:39+00:00\",\"inLanguage\":\"en-GB\",\"potentialAction\":[{\"@type\":\"ReadAction\",\"target\":[\"https:\/\/isolaca.com\/produto\/subcapa-aquosa-branca\/\"]}]}]}<\/script>\n<!-- \/ Yoast SEO plugin. -->","_links":{"self":[{"href":"https:\/\/isolaca.com\/en\/wp-json\/wp\/v2\/product\/3783"}],"collection":[{"href":"https:\/\/isolaca.com\/en\/wp-json\/wp\/v2\/product"}],"about":[{"href":"https:\/\/isolaca.com\/en\/wp-json\/wp\/v2\/types\/product"}],"wp:featuredmedia":[{"embeddable":true,"href":"https:\/\/isolaca.com\/en\/wp-json\/wp\/v2\/media\/3784"}],"wp:attachment":[{"href":"https:\/\/isolaca.com\/en\/wp-json\/wp\/v2\/media?parent=3783"}],"curies":[{"name":"wp","href":"https:\/\/api.w.org\/{rel}","templated":true}]}}