{"id":3793,"date":"2020-11-10T09:43:55","date_gmt":"2020-11-10T09:43:55","guid":{"rendered":"https:\/\/webdigital.pt\/isolaca\/?post_type=product&#038;p=3793"},"modified":"2021-01-11T15:47:24","modified_gmt":"2021-01-11T15:47:24","slug":"esmalte-aquoso","status":"publish","type":"product","link":"https:\/\/isolaca.com\/en\/product\/esmalte-aquoso\/","title":{"rendered":"WATER BASED TOPCAOT"},"content":{"rendered":"","protected":false},"excerpt":{"rendered":"<p>Water-based top coat for glass application with excellent adhesion, fast drying and good resistance to moisture. &nbsp;<\/p>","protected":false},"featured_media":3784,"template":"","meta":[],"yoast_head":"<!-- This site is optimized with the Yoast SEO plugin v15.6.2 - https:\/\/yoast.com\/wordpress\/plugins\/seo\/ -->\n<title>ESMALTE AQUOSO - Isolaca<\/title>\n<meta name=\"robots\" content=\"index, follow, max-snippet:-1, max-image-preview:large, max-video-preview:-1\" \/>\n<link rel=\"canonical\" href=\"https:\/\/isolaca.com\/en\/product\/esmalte-aquoso\/\" \/>\n<meta property=\"og:locale\" content=\"en_GB\" \/>\n<meta property=\"og:type\" content=\"article\" \/>\n<meta property=\"og:title\" content=\"ESMALTE AQUOSO - Isolaca\" \/>\n<meta property=\"og:description\" content=\"Esmalte aquoso para aplica\u00e7\u00e3o em vidro com uma excelente ader\u00eancia, secagem r\u00e1pida e boa resist\u00eancia \u00e0 humidade. &nbsp;\" \/>\n<meta property=\"og:url\" content=\"https:\/\/isolaca.com\/en\/product\/esmalte-aquoso\/\" \/>\n<meta property=\"og:site_name\" content=\"Isolaca\" \/>\n<meta property=\"article:modified_time\" content=\"2021-01-11T15:47:24+00:00\" \/>\n<meta property=\"og:image\" content=\"https:\/\/isolaca.com\/wp-content\/uploads\/2020\/11\/Lata_5.png\" \/>\n\t<meta property=\"og:image:width\" content=\"612\" \/>\n\t<meta property=\"og:image:height\" content=\"408\" \/>\n<meta name=\"twitter:card\" content=\"summary_large_image\" \/>\n<script type=\"application\/ld+json\" class=\"yoast-schema-graph\">{\"@context\":\"https:\/\/schema.org\",\"@graph\":[{\"@type\":\"WebSite\",\"@id\":\"https:\/\/isolaca.com\/#website\",\"url\":\"https:\/\/isolaca.com\/\",\"name\":\"Isolaca\",\"description\":\"Tintas e Vernizes\",\"potentialAction\":[{\"@type\":\"SearchAction\",\"target\":\"https:\/\/isolaca.com\/?s={search_term_string}\",\"query-input\":\"required name=search_term_string\"}],\"inLanguage\":\"en-GB\"},{\"@type\":\"ImageObject\",\"@id\":\"https:\/\/isolaca.com\/produto\/esmalte-aquoso\/#primaryimage\",\"inLanguage\":\"en-GB\",\"url\":\"https:\/\/isolaca.com\/wp-content\/uploads\/2020\/11\/Lata_5.png\",\"width\":612,\"height\":408},{\"@type\":\"WebPage\",\"@id\":\"https:\/\/isolaca.com\/produto\/esmalte-aquoso\/#webpage\",\"url\":\"https:\/\/isolaca.com\/produto\/esmalte-aquoso\/\",\"name\":\"ESMALTE AQUOSO - Isolaca\",\"isPartOf\":{\"@id\":\"https:\/\/isolaca.com\/#website\"},\"primaryImageOfPage\":{\"@id\":\"https:\/\/isolaca.com\/produto\/esmalte-aquoso\/#primaryimage\"},\"datePublished\":\"2020-11-10T09:43:55+00:00\",\"dateModified\":\"2021-01-11T15:47:24+00:00\",\"inLanguage\":\"en-GB\",\"potentialAction\":[{\"@type\":\"ReadAction\",\"target\":[\"https:\/\/isolaca.com\/produto\/esmalte-aquoso\/\"]}]}]}<\/script>\n<!-- \/ Yoast SEO plugin. -->","_links":{"self":[{"href":"https:\/\/isolaca.com\/en\/wp-json\/wp\/v2\/product\/3793"}],"collection":[{"href":"https:\/\/isolaca.com\/en\/wp-json\/wp\/v2\/product"}],"about":[{"href":"https:\/\/isolaca.com\/en\/wp-json\/wp\/v2\/types\/product"}],"wp:featuredmedia":[{"embeddable":true,"href":"https:\/\/isolaca.com\/en\/wp-json\/wp\/v2\/media\/3784"}],"wp:attachment":[{"href":"https:\/\/isolaca.com\/en\/wp-json\/wp\/v2\/media?parent=3793"}],"curies":[{"name":"wp","href":"https:\/\/api.w.org\/{rel}","templated":true}]}}