{"id":3804,"date":"2020-11-10T11:28:55","date_gmt":"2020-11-10T11:28:55","guid":{"rendered":"https:\/\/webdigital.pt\/isolaca\/?post_type=product&#038;p=3804"},"modified":"2021-01-11T09:37:20","modified_gmt":"2021-01-11T09:37:20","slug":"verniz-aquoso-exterior-ipe","status":"publish","type":"product","link":"https:\/\/isolaca.com\/en\/product\/verniz-aquoso-exterior-ipe\/","title":{"rendered":"WATER BASED EXTERIOR VARNISH IPE"},"content":{"rendered":"","protected":false},"excerpt":{"rendered":"<p>Water based varnish, suitable for Ipe wood, with excellent adhesion, protecting it from moisture, temperature changes, pollution, insects and fungi.<\/p>","protected":false},"featured_media":3784,"template":"","meta":[],"yoast_head":"<!-- This site is optimized with the Yoast SEO plugin v15.6.2 - https:\/\/yoast.com\/wordpress\/plugins\/seo\/ -->\n<title>VERNIZ AQUOSO EXTERIOR IP\u00ca - Isolaca<\/title>\n<meta name=\"robots\" content=\"index, follow, max-snippet:-1, max-image-preview:large, max-video-preview:-1\" \/>\n<link rel=\"canonical\" href=\"https:\/\/isolaca.com\/en\/product\/verniz-aquoso-exterior-ipe\/\" \/>\n<meta property=\"og:locale\" content=\"en_GB\" \/>\n<meta property=\"og:type\" content=\"article\" \/>\n<meta property=\"og:title\" content=\"VERNIZ AQUOSO EXTERIOR IP\u00ca - Isolaca\" \/>\n<meta property=\"og:description\" content=\"Acabamento aquoso de desgaste controlado, indicado para madeira de Ip\u00ea, com excelente ader\u00eancia, protegendo-a da humidade,altera\u00e7\u00f5es de temperatura, polui\u00e7\u00e3o, insectos e fungos.\" \/>\n<meta property=\"og:url\" content=\"https:\/\/isolaca.com\/en\/product\/verniz-aquoso-exterior-ipe\/\" \/>\n<meta property=\"og:site_name\" content=\"Isolaca\" \/>\n<meta property=\"article:modified_time\" content=\"2021-01-11T09:37:20+00:00\" \/>\n<meta property=\"og:image\" content=\"https:\/\/isolaca.com\/wp-content\/uploads\/2020\/11\/Lata_5.png\" \/>\n\t<meta property=\"og:image:width\" content=\"612\" \/>\n\t<meta property=\"og:image:height\" content=\"408\" \/>\n<meta name=\"twitter:card\" content=\"summary_large_image\" \/>\n<script type=\"application\/ld+json\" class=\"yoast-schema-graph\">{\"@context\":\"https:\/\/schema.org\",\"@graph\":[{\"@type\":\"WebSite\",\"@id\":\"https:\/\/isolaca.com\/#website\",\"url\":\"https:\/\/isolaca.com\/\",\"name\":\"Isolaca\",\"description\":\"Tintas e Vernizes\",\"potentialAction\":[{\"@type\":\"SearchAction\",\"target\":\"https:\/\/isolaca.com\/?s={search_term_string}\",\"query-input\":\"required name=search_term_string\"}],\"inLanguage\":\"en-GB\"},{\"@type\":\"ImageObject\",\"@id\":\"https:\/\/isolaca.com\/en\/product\/verniz-aquoso-exterior-ipe\/#primaryimage\",\"inLanguage\":\"en-GB\",\"url\":\"https:\/\/isolaca.com\/wp-content\/uploads\/2020\/11\/Lata_5.png\",\"width\":612,\"height\":408},{\"@type\":\"WebPage\",\"@id\":\"https:\/\/isolaca.com\/en\/product\/verniz-aquoso-exterior-ipe\/#webpage\",\"url\":\"https:\/\/isolaca.com\/en\/product\/verniz-aquoso-exterior-ipe\/\",\"name\":\"VERNIZ AQUOSO EXTERIOR IP\\u00ca - Isolaca\",\"isPartOf\":{\"@id\":\"https:\/\/isolaca.com\/#website\"},\"primaryImageOfPage\":{\"@id\":\"https:\/\/isolaca.com\/en\/product\/verniz-aquoso-exterior-ipe\/#primaryimage\"},\"datePublished\":\"2020-11-10T11:28:55+00:00\",\"dateModified\":\"2021-01-11T09:37:20+00:00\",\"inLanguage\":\"en-GB\",\"potentialAction\":[{\"@type\":\"ReadAction\",\"target\":[\"https:\/\/isolaca.com\/en\/product\/verniz-aquoso-exterior-ipe\/\"]}]}]}<\/script>\n<!-- \/ Yoast SEO plugin. -->","_links":{"self":[{"href":"https:\/\/isolaca.com\/en\/wp-json\/wp\/v2\/product\/3804"}],"collection":[{"href":"https:\/\/isolaca.com\/en\/wp-json\/wp\/v2\/product"}],"about":[{"href":"https:\/\/isolaca.com\/en\/wp-json\/wp\/v2\/types\/product"}],"wp:featuredmedia":[{"embeddable":true,"href":"https:\/\/isolaca.com\/en\/wp-json\/wp\/v2\/media\/3784"}],"wp:attachment":[{"href":"https:\/\/isolaca.com\/en\/wp-json\/wp\/v2\/media?parent=3804"}],"curies":[{"name":"wp","href":"https:\/\/api.w.org\/{rel}","templated":true}]}}